{"id":989,"date":"2020-01-27T16:23:20","date_gmt":"2020-01-27T19:23:20","guid":{"rendered":"http:\/\/www.twobooksinashelf.com\/?page_id=989"},"modified":"2020-07-16T10:17:18","modified_gmt":"2020-07-16T13:17:18","slug":"indicacoes-ku","status":"publish","type":"page","link":"https:\/\/www.twobooksinashelf.com\/index.php\/indicacoes-ku\/","title":{"rendered":"Indica\u00e7\u00f5es &#8211; KU"},"content":{"rendered":"<p><img loading=\"lazy\" decoding=\"async\" class=\"alignnone size-full wp-image-990\" src=\"http:\/\/www.twobooksinashelf.com\/wp-content\/uploads\/2020\/01\/indica_site.jpg\" alt=\"\" width=\"1200\" height=\"450\" srcset=\"https:\/\/www.twobooksinashelf.com\/wp-content\/uploads\/2020\/01\/indica_site.jpg 1200w, https:\/\/www.twobooksinashelf.com\/wp-content\/uploads\/2020\/01\/indica_site-300x113.jpg 300w, https:\/\/www.twobooksinashelf.com\/wp-content\/uploads\/2020\/01\/indica_site-768x288.jpg 768w, https:\/\/www.twobooksinashelf.com\/wp-content\/uploads\/2020\/01\/indica_site-1024x384.jpg 1024w\" sizes=\"auto, (max-width: 1200px) 100vw, 1200px\" \/><\/p>\n<p>Nesta sess\u00e3o colocarei os livros dispon\u00edveis no Kindle Unlimited que indico no Instagram e no Facebook, lembrando que s\u00f3 indicarei livros que eu j\u00e1 li. Sempre confira se o livro ainda consta no Kindle Unlimited, pois os autores e\/ou editoras podem remover o livro do programa sem aviso pr\u00e9vio. Ser\u00e3o indicados livros em Portugu\u00eas e Ingl\u00eas, ent\u00e3o para facilitar, colocarei ao lado do nome do livro a sigla PT-BR para livros em Portugu\u00eas e EN para livros em ingl\u00eas. Boa leitura!<\/p>\n<p>Caso voc\u00ea ainda n\u00e3o possua o Kindle Unlimited, a assinatura pode ser feita <a href=\"https:\/\/amzn.to\/37sfRip\" target=\"_blank\" rel=\"noopener noreferrer\">aqui<\/a>.<\/p>\n<p>Apolo \u00e9 meu(PT-BR) &#8211; Mila Young &#8211; <a href=\"https:\/\/amzn.to\/3fAOdE0\" target=\"_blank\" rel=\"noopener noreferrer\">https:\/\/amzn.to\/3fAOdE0<\/a><br \/>\nOne More Step (EN) &#8211; Antologia &#8211; <a href=\"https:\/\/amzn.to\/3eboeRP\" target=\"_blank\" rel=\"noopener noreferrer\">https:\/\/amzn.to\/3eboeRP<\/a><br \/>\nBrightside (EN) &#8211; Kim Holden &#8211; <a href=\"https:\/\/amzn.to\/2WfhpJB\" target=\"_blank\" rel=\"noopener noreferrer\">https:\/\/amzn.to\/2WfhpJB<\/a><br \/>\nGus (EN) &#8211; Kim Holden &#8211; <a href=\"https:\/\/amzn.to\/2L8wcPK\">https:\/\/amzn.to\/2L8wcPK<\/a><br \/>\nFranco (EN) &#8211; Kim Holden &#8211; <a href=\"https:\/\/amzn.to\/2SNK1r8\" target=\"_blank\" rel=\"noopener noreferrer\">https:\/\/amzn.to\/2SNK1r8<\/a><br \/>\nThat Second Chance (EN) &#8211; Meghan Quinn &#8211; <a href=\"https:\/\/amzn.to\/2SJK7Aa\" target=\"_blank\" rel=\"noopener noreferrer\">https:\/\/amzn.to\/2SJK7Aa<\/a><br \/>\nThat Forever Girl (EN) &#8211; Meghan Quinn &#8211; <a href=\"https:\/\/amzn.to\/3cj93Gs\" target=\"_blank\" rel=\"noopener noreferrer\">https:\/\/amzn.to\/3cj93Gs<\/a><br \/>\nThat Secret Crush (EN) &#8211; Meghan Quinn &#8211; <a href=\"https:\/\/amzn.to\/2SKFSUH\" target=\"_blank\" rel=\"noopener noreferrer\">https:\/\/amzn.to\/2SKFSUH<\/a><br \/>\nLong Shot (PT-BR) &#8211; Kennedy Ryan &#8211; <a href=\"https:\/\/amzn.to\/3cJFtcH\" target=\"_blank\" rel=\"noopener noreferrer\">https:\/\/amzn.to\/3cJFtcH<\/a><br \/>\nTristan (PT-BR) &#8211; Kym Grosso &#8211; <a href=\"https:\/\/amzn.to\/2VwOi3Q\" target=\"_blank\" rel=\"noopener noreferrer\">https:\/\/amzn.to\/2VwOi3Q<\/a><br \/>\nCorrupt (PT-BR) &#8211; Penelope Douglas &#8211; <a href=\"https:\/\/amzn.to\/2yCsyL9\" target=\"_blank\" rel=\"noopener noreferrer\">https:\/\/amzn.to\/2yCsyL9<\/a><br \/>\nO Jogo do Pr\u00edncipe (PT-BR) &#8211; Lexi C. Foss &#8211;<a href=\"https:\/\/amzn.to\/3b6onFY\" target=\"_blank\" rel=\"noopener noreferrer\"> https:\/\/amzn.to\/3b6onFY<\/a><br \/>\nThe Prince&#8217;s Game (EN) &#8211; Lexi C. Foss &#8211; <a href=\"https:\/\/amzn.to\/2RYd4YU\" target=\"_blank\" rel=\"noopener noreferrer\">https:\/\/amzn.to\/2RYd4YU<\/a><br \/>\nKade (PT-BR) &#8211; Kym Grosso &#8211; <a href=\"https:\/\/amzn.to\/2tTTpjH\" target=\"_blank\" rel=\"noopener noreferrer\">https:\/\/amzn.to\/2tTTpjH<\/a><br \/>\nLuca (PT-BR) &#8211; Kym Grosso &#8211; <a href=\"https:\/\/amzn.to\/3aOByeI\" target=\"_blank\" rel=\"noopener noreferrer\">https:\/\/amzn.to\/3aOByeI<\/a><\/p>\n","protected":false},"excerpt":{"rendered":"<p>Nesta sess\u00e3o colocarei os livros dispon\u00edveis no Kindle Unlimited que indico no Instagram e no Facebook, lembrando que s\u00f3 indicarei livros que eu j\u00e1 li. Sempre confira se o livro ainda consta no Kindle Unlimited, pois os autores e\/ou editoras podem remover o livro do programa sem aviso pr\u00e9vio. Ser\u00e3o indicados livros em Portugu\u00eas e&hellip;<\/p>\n","protected":false},"author":2,"featured_media":0,"parent":0,"menu_order":0,"comment_status":"closed","ping_status":"closed","template":"","meta":{"footnotes":""},"class_list":["post-989","page","type-page","status-publish","hentry"],"_links":{"self":[{"href":"https:\/\/www.twobooksinashelf.com\/index.php\/wp-json\/wp\/v2\/pages\/989","targetHints":{"allow":["GET"]}}],"collection":[{"href":"https:\/\/www.twobooksinashelf.com\/index.php\/wp-json\/wp\/v2\/pages"}],"about":[{"href":"https:\/\/www.twobooksinashelf.com\/index.php\/wp-json\/wp\/v2\/types\/page"}],"author":[{"embeddable":true,"href":"https:\/\/www.twobooksinashelf.com\/index.php\/wp-json\/wp\/v2\/users\/2"}],"replies":[{"embeddable":true,"href":"https:\/\/www.twobooksinashelf.com\/index.php\/wp-json\/wp\/v2\/comments?post=989"}],"version-history":[{"count":11,"href":"https:\/\/www.twobooksinashelf.com\/index.php\/wp-json\/wp\/v2\/pages\/989\/revisions"}],"predecessor-version":[{"id":1041,"href":"https:\/\/www.twobooksinashelf.com\/index.php\/wp-json\/wp\/v2\/pages\/989\/revisions\/1041"}],"wp:attachment":[{"href":"https:\/\/www.twobooksinashelf.com\/index.php\/wp-json\/wp\/v2\/media?parent=989"}],"curies":[{"name":"wp","href":"https:\/\/api.w.org\/{rel}","templated":true}]}}