{"id":1046,"date":"2020-07-22T16:12:10","date_gmt":"2020-07-22T19:12:10","guid":{"rendered":"http:\/\/www.twobooksinashelf.com\/?page_id=1046"},"modified":"2020-08-06T15:20:59","modified_gmt":"2020-08-06T18:20:59","slug":"infantojuvenil","status":"publish","type":"page","link":"https:\/\/www.twobooksinashelf.com\/index.php\/infantojuvenil\/","title":{"rendered":"Infantojuvenil"},"content":{"rendered":"<p><img loading=\"lazy\" decoding=\"async\" class=\"alignnone size-full wp-image-1047\" src=\"http:\/\/www.twobooksinashelf.com\/wp-content\/uploads\/2020\/07\/indica_site_infanto.jpg\" alt=\"\" width=\"1200\" height=\"450\" srcset=\"https:\/\/www.twobooksinashelf.com\/wp-content\/uploads\/2020\/07\/indica_site_infanto.jpg 1200w, https:\/\/www.twobooksinashelf.com\/wp-content\/uploads\/2020\/07\/indica_site_infanto-300x113.jpg 300w, https:\/\/www.twobooksinashelf.com\/wp-content\/uploads\/2020\/07\/indica_site_infanto-1024x384.jpg 1024w, https:\/\/www.twobooksinashelf.com\/wp-content\/uploads\/2020\/07\/indica_site_infanto-768x288.jpg 768w\" sizes=\"auto, (max-width: 1200px) 100vw, 1200px\" \/><\/p>\n<p>Como aqui em casa praticamente todo mundo \u00e9 um bookworm, eu resolvi criar uma \u00e1rea separada para indica\u00e7\u00f5es infantojuvenis, dos preferidos da turminha daqui! Eu tenho um filho de 11 anos e uma filha de 9, e essas indica\u00e7\u00f5es s\u00e3o com o aval deles! Aos poucos vou preenchendo com mais indica\u00e7\u00f5es. Acompanhem tamb\u00e9m no Instagram, que irei sempre colocar fotos dos livros por l\u00e1.Amazon BR &#8211; https:\/\/amzn.to\/39kVTIj<\/p>\n<table class=\" aligncenter\" style=\"width: 100%; border-collapse: collapse;\">\n<tbody>\n<tr>\n<td style=\"width: 20%;\">\n<h5>Livro<\/h5>\n<\/td>\n<td style=\"width: 20%;\">\n<h5>Autor<\/h5>\n<\/td>\n<td style=\"width: 20%;\">\n<h5>Idioma<\/h5>\n<\/td>\n<td style=\"width: 20%;\">\n<h5>ebook<\/h5>\n<\/td>\n<td style=\"width: 20%;\">\n<h5>F\u00edsico<\/h5>\n<\/td>\n<\/tr>\n<tr>\n<td style=\"width: 20%;\"><span style=\"font-size: 10pt;\">Mortina (1)<\/span><\/td>\n<td style=\"width: 20%;\"><span style=\"font-size: 10pt;\">Barbara Cantini<\/span><\/td>\n<td style=\"width: 20%;\"><span style=\"font-size: 10pt;\">Portugu\u00eas<\/span><\/td>\n<td style=\"width: 20%;\"><\/td>\n<td style=\"width: 20%;\"><span style=\"font-size: 10pt;\">Amazon BR &#8211; <a href=\"https:\/\/amzn.to\/39kVTIj\" target=\"_blank\" rel=\"noopener noreferrer\">https:\/\/amzn.to\/39kVTIj<\/a><\/span><\/td>\n<\/tr>\n<tr>\n<td style=\"width: 20%;\"><span style=\"font-size: 10pt;\">Ghoulia (1)<\/span><\/td>\n<td style=\"width: 20%;\"><span style=\"font-size: 10pt;\">Barbara Cantini<\/span><\/td>\n<td style=\"width: 20%;\"><span style=\"font-size: 10pt;\">English<\/span><\/td>\n<td style=\"width: 20%;\"><span style=\"font-size: 10pt;\">Amazon US &#8211; <a href=\"https:\/\/amzn.to\/32ICSxU\" target=\"_blank\" rel=\"noopener noreferrer\">https:\/\/amzn.to\/32ICSxU<\/a> <\/span><\/td>\n<td style=\"width: 20%;\"><span style=\"font-size: 10pt;\">\u00a0<\/span><span style=\"font-size: 10pt;\">Amazon US &#8211; <a href=\"https:\/\/amzn.to\/39qLlar\" target=\"_blank\" rel=\"noopener noreferrer\">https:\/\/amzn.to\/39qLlar<\/a><\/span><\/td>\n<\/tr>\n<tr>\n<td style=\"width: 20%;\"><span style=\"font-size: 10pt;\">Mortina e o primo insuport\u00e1vel (2)<\/span><\/td>\n<td style=\"width: 20%;\"><span style=\"font-size: 10pt;\">Barbara Cantini<\/span><\/td>\n<td style=\"width: 20%;\"><span style=\"font-size: 10pt;\">Portugu\u00eas<\/span><\/td>\n<td style=\"width: 20%;\"><\/td>\n<td style=\"width: 20%;\"><span style=\"font-size: 10pt;\">Amazon BR &#8211; <a href=\"https:\/\/amzn.to\/3eP78cP\" target=\"_blank\" rel=\"noopener noreferrer\">https:\/\/amzn.to\/3eP78cP<\/a><\/span><\/td>\n<\/tr>\n<tr>\n<td style=\"width: 20%;\"><span style=\"font-size: 10pt;\">Ghoulia and the mysterious visitor (2)<\/span><\/td>\n<td style=\"width: 20%;\"><span style=\"font-size: 10pt;\">Barbara Cantini<\/span><\/td>\n<td style=\"width: 20%;\"><span style=\"font-size: 10pt;\">English<\/span><\/td>\n<td style=\"width: 20%;\"><span style=\"font-size: 10pt;\">Amazon US &#8211; <a href=\"https:\/\/amzn.to\/2ZQMWDi\" target=\"_blank\" rel=\"noopener noreferrer\">https:\/\/amzn.to\/2ZQMWDi<\/a><\/span><\/td>\n<td style=\"width: 20%;\"><span style=\"font-size: 10pt;\">\u00a0<\/span><span style=\"font-size: 10pt;\">Amazon US &#8211; <a href=\"https:\/\/amzn.to\/3hDwSen\" target=\"_blank\" rel=\"noopener noreferrer\">https:\/\/amzn.to\/3hDwSen<\/a><br \/>\n<\/span><\/td>\n<\/tr>\n<tr>\n<td style=\"width: 20%;\"><span style=\"font-size: 10pt;\">\u00a0Mortina e o amigo fantasma (3)<br \/>\n<\/span><\/td>\n<td style=\"width: 20%;\"><span style=\"font-size: 10pt;\">Barbara Cantini<\/span><\/td>\n<td style=\"width: 20%;\"><span style=\"font-size: 10pt;\">Portugu\u00eas<\/span><\/td>\n<td style=\"width: 20%;\"><\/td>\n<td style=\"width: 20%;\"><span style=\"font-size: 10pt;\">Amazon BR &#8211; <a href=\"https:\/\/amzn.to\/32X5q7h\">https:\/\/amzn.to\/32X5q7h<\/a><\/span><\/td>\n<\/tr>\n<tr>\n<td style=\"width: 20%;\"><span style=\"font-size: 10pt;\">\u00a0Ghoulia and the ghost with no name (3)<br \/>\n<\/span><\/td>\n<td style=\"width: 20%;\"><span style=\"font-size: 10pt;\">Barbara Cantini<\/span><\/td>\n<td style=\"width: 20%;\"><span style=\"font-size: 10pt;\">English<\/span><\/td>\n<td style=\"width: 20%;\"><span style=\"font-size: 10pt;\">Amazon US &#8211; <a href=\"https:\/\/amzn.to\/3ePaMni\" target=\"_blank\" rel=\"noopener noreferrer\">https:\/\/amzn.to\/3ePaMni<\/a><br \/>\n<\/span><\/td>\n<td style=\"width: 20%;\"><span style=\"font-size: 10pt;\">\u00a0<\/span><span style=\"font-size: 10pt;\">Amazon US &#8211; <a href=\"https:\/\/amzn.to\/3eU0v9j\" target=\"_blank\" rel=\"noopener noreferrer\">https:\/\/amzn.to\/3eU0v9j<\/a><br \/>\n<\/span><\/td>\n<\/tr>\n<tr>\n<td style=\"width: 20%;\"><span style=\"font-size: 10pt;\">Di\u00e1rio de um banana<br \/>\n<\/span><\/td>\n<td style=\"width: 20%;\"><span style=\"font-size: 10pt;\">Jeff Kinney<br \/>\n<\/span><\/td>\n<td style=\"width: 20%;\"><span style=\"font-size: 10pt;\">Portugu\u00eas<br \/>\n<\/span><\/td>\n<td style=\"width: 20%;\"><span style=\"font-size: 10pt;\">Amazon BR &#8211; <a href=\"https:\/\/amzn.to\/3fDTNoe\" target=\"_blank\" rel=\"noopener noreferrer\">https:\/\/amzn.to\/3fDTNoe<\/a><br \/>\n<\/span><\/td>\n<td style=\"width: 20%;\"><span style=\"font-size: 10pt;\">Amazon BR &#8211; <a href=\"https:\/\/amzn.to\/2PrBDLM\" target=\"_blank\" rel=\"noopener noreferrer\">https:\/\/amzn.to\/2PrBDLM<\/a><br \/>\n<\/span><\/td>\n<\/tr>\n<tr>\n<td style=\"width: 20%;\"><span style=\"font-size: 10pt;\">Diary of a Wimpy Kid<br \/>\n<\/span><\/td>\n<td style=\"width: 20%;\"><span style=\"font-size: 10pt;\">Jeff Kinney<\/span><\/td>\n<td style=\"width: 20%;\"><span style=\"font-size: 10pt;\">Ingl\u00eas<br \/>\n<\/span><\/td>\n<td style=\"width: 20%;\"><span style=\"font-size: 10pt;\">Amazon US &#8211; <a href=\"https:\/\/amzn.to\/31s8Tbu\">https:\/\/amzn.to\/31s8Tbu<\/a><br \/>\n<\/span><\/td>\n<td style=\"width: 20%;\"><span style=\"font-size: 10pt;\">Amazon US &#8211; <a href=\"https:\/\/amzn.to\/2XAvMIK\" target=\"_blank\" rel=\"noopener noreferrer\">https:\/\/amzn.to\/2XAvMIK<\/a><\/span><\/td>\n<\/tr>\n<\/tbody>\n<\/table>\n<p>&nbsp;<\/p>\n","protected":false},"excerpt":{"rendered":"<p>Como aqui em casa praticamente todo mundo \u00e9 um bookworm, eu resolvi criar uma \u00e1rea separada para indica\u00e7\u00f5es infantojuvenis, dos preferidos da turminha daqui! Eu tenho um filho de 11 anos e uma filha de 9, e essas indica\u00e7\u00f5es s\u00e3o com o aval deles! Aos poucos vou preenchendo com mais indica\u00e7\u00f5es. Acompanhem tamb\u00e9m no Instagram,&hellip;<\/p>\n","protected":false},"author":2,"featured_media":0,"parent":0,"menu_order":0,"comment_status":"closed","ping_status":"closed","template":"","meta":{"footnotes":""},"class_list":["post-1046","page","type-page","status-publish","hentry"],"_links":{"self":[{"href":"https:\/\/www.twobooksinashelf.com\/index.php\/wp-json\/wp\/v2\/pages\/1046","targetHints":{"allow":["GET"]}}],"collection":[{"href":"https:\/\/www.twobooksinashelf.com\/index.php\/wp-json\/wp\/v2\/pages"}],"about":[{"href":"https:\/\/www.twobooksinashelf.com\/index.php\/wp-json\/wp\/v2\/types\/page"}],"author":[{"embeddable":true,"href":"https:\/\/www.twobooksinashelf.com\/index.php\/wp-json\/wp\/v2\/users\/2"}],"replies":[{"embeddable":true,"href":"https:\/\/www.twobooksinashelf.com\/index.php\/wp-json\/wp\/v2\/comments?post=1046"}],"version-history":[{"count":4,"href":"https:\/\/www.twobooksinashelf.com\/index.php\/wp-json\/wp\/v2\/pages\/1046\/revisions"}],"predecessor-version":[{"id":1060,"href":"https:\/\/www.twobooksinashelf.com\/index.php\/wp-json\/wp\/v2\/pages\/1046\/revisions\/1060"}],"wp:attachment":[{"href":"https:\/\/www.twobooksinashelf.com\/index.php\/wp-json\/wp\/v2\/media?parent=1046"}],"curies":[{"name":"wp","href":"https:\/\/api.w.org\/{rel}","templated":true}]}}